{"id":15349,"date":"2015-01-11T09:56:03","date_gmt":"2015-01-11T09:56:03","guid":{"rendered":"http:\/\/avindesign.com\/demo2\/wp3\/?page_id=15349"},"modified":"2022-01-02T22:45:24","modified_gmt":"2022-01-02T22:45:24","slug":"rruga-drejt-nje-mjedisi-te-paster","status":"publish","type":"page","link":"https:\/\/www.shoqata-alpin.al\/?page_id=15349","title":{"rendered":"Rruga Drejt nje Mjedisi te Paster"},"content":{"rendered":"<div    class=\"vc_row wpb_row section vc_row-fluid\" style='background-color:#ffffff; padding-top:100px; padding-bottom:30px; text-align:left;'><div class=\" full_section_inner clearfix\">\n\t<div class=\"vc_col-sm-3 wpb_column vc_column_container vc_custom_1420970213620\">\n\t\t<div class=\"wpb_wrapper\">\n\t\t\t\n\t<div class=\"wpb_raw_code wpb_content_element wpb_raw_html\">\n\t\t<div class=\"wpb_wrapper\">\n\t\t\t<ul class=\"dinilist\">\n        <li><a href=\"#\">Rreth Nesh<\/a><\/li>\n\t    <li><a href=\"#\">Komunitet i Paster<\/a><\/li>\n        <li><a href=\"#\">Kujdes i Akredituar<\/a><\/li>\n\t    <li><a href=\"#\">Promovim Turistik<\/a><\/li>\n\t\t<li><a href=\"#\">Rruga Drejt nje Mjedisi te Paster<\/a><\/li>\n<\/ul>\n\t\t<\/div> \n\t<\/div> \n\t\t<\/div> \n\t<\/div> \n\n\t<div class=\"vc_col-sm-9 wpb_column vc_column_container\">\n\t\t<div class=\"wpb_wrapper\">\n\t\t\t\n\t<div class=\"wpb_text_column wpb_content_element \">\n\t\t<div class=\"wpb_wrapper\">\n\t\t\t<p><strong>Rruga Drejt nje Mjedisi te Paster<\/strong><\/p>\n\n\t\t<\/div> \n\t<\/div> \n\t<div class=\"wpb_text_column wpb_content_element  dinip vc_custom_1568123109512\">\n\t\t<div class=\"wpb_wrapper\">\n\t\t\t<p>Shoqata Alpin ka p\u00ebr mision t\u00eb fus\u00eb dhe t\u00eb kultivoj\u00eb nj\u00eb frym\u00eb t\u00eb re ne mbrojtje te mjedisit ne Tropoj\u00eb. T\u00eb mendosh gjelb\u00ebr\u201d prezanton nj\u00eb pamje t\u00eb gjendjes mjedisore n\u00eb Tropoj\u00eb sot dhe m\u00ebnyr\u00ebn se si ne trajtojm\u00eb k\u00ebt\u00eb gjendje, posa\u00e7\u00ebrisht n\u00eb rrethin e Tropoj\u00ebs. Kjo sh\u00ebrben si shembull p\u00ebr t\u00eb tjer\u00ebt n\u00eb Tropoj\u00eb q\u00eb ta krahasojn\u00eb, m\u00ebsojn\u00eb dhe t\u00eb kontribuojn\u00eb. Kemi b\u00ebr\u00eb orvatje t\u00eb identifikojm\u00eb se cfare ekziston n\u00eb let\u00ebr dhe se cfare po b\u00ebhet konkretisht n\u00eb terren.<\/p>\n<p>NE MBROJTJE TE LUMENJEVE<br \/>Lumenjet ne Tropoje, si kudo ne gjithe Shqiperine, jane dhurata me e cmuar qe natyra na ka dhuruar. Perrenjet dhe rreket e vogla arrijne nje prurje te ujit qe po zhfrytezohet ne te mire te komuniteteve. Shumellojshmeria e bimeve dhe e kafsheve pergjate gjithe ketyre lumenjeve dhe afersise se tyre e bejne habitatin lumor me te pasur dhe me atraktiv. Edhe njerzit gjithashtu kane nevoje per keta lumenje ne sensin pozitiv ,duke i shfrytezuar ne menyre racionale,por gjithashtu lumenjet jane burim frymezimi dhe clodhje per njeriun ku vlen te permendim bukurite e lumit te Valbones qe eshte bere nje zone shume e pelqyer nga vendas dhe te huaj. Por per fat te keq, ne i kemi perdorur dhe po i perdorim keq lumenjte: per te shkarkuar ujrat e zeza te vendbanimeve, hedhja e mbeturinave ne brigje, ndertimi i hidrocentraleve etj. Ndertimi i hidrocentraleve eshte k\u00ebrc\u00ebnues p\u00ebr shkak t\u00eb devijimeve t\u00eb lumenjve natyror\u00eb duke ndryshuar ekosistemin ,ndoshta p\u00ebrgjithmon\u00eb. P\u00ebr m\u00eb tep\u00ebr, k\u00ebto devijime pengojn\u00eb edhe peshqit p\u00ebr t\u00eb shteg\u00ebtuar n\u00eb rrug\u00ebn e tyre p\u00ebr shumim dhe mbrojtje. Po ashtu disa njer\u00ebz p\u00ebrdorin makina t\u00eb r\u00ebnda q\u00eb g\u00ebrryejn\u00eb shtratin lumor p\u00ebr t\u00eb shfryt\u00ebzuar r\u00ebr\u00ebn e tyre ose p\u00ebr t\u2019i b\u00ebr\u00eb ata m\u00eb t\u00eb lundruesh\u00ebm; edhe kjo dukuri, e njohur si kanalizim i lumenjve, i shkat\u00ebrron ata dhe shkat\u00ebrron bot\u00ebn e gjall\u00eb t\u00eb tyre.<br \/>Kuptohet shum\u00eb mir\u00eb nevoja e shoq\u00ebris\u00eb shqiptare p\u00ebr zhvillim t\u00eb shpejt\u00eb, dhe synimin p\u00ebr t\u00eb fituar koh\u00ebn e humbur, por kjo duhet t\u00eb vij\u00eb natyrsh\u00ebm, megjith\u00eb kuptimin e gjer\u00eb q\u00eb ka kjo fjal\u00eb. Ne nuk mund t\u00eb zhvillohemi natyrsh\u00ebm n\u00eb se nuk mendojm\u00eb natyrsh\u00ebm edhe p\u00ebr natyr\u00ebn q\u00eb na rrethon, p\u00ebrfshir\u00eb k\u00ebtu edhe lumenjt\u00eb pasi perben nje perqindje te larte te habitatit natyror ne kete zone. Nj\u00eb zhvillim q\u00eb c\u00ebnon, ndot dhe tjet\u00ebrson r\u00ebnd\u00eb gjendjen natyrore t\u00eb ketyre ekosistemeve q\u00eb jan\u00eb n\u00eb themel t\u00eb mbijetes\u00ebs son\u00eb p\u00ebr shekuj, nuk mundet kurr\u00ebsesi t\u00eb jet\u00eb fitimprur\u00ebs p\u00ebr gjith\u00ebsecilin prej nesh. Prandaj, me rastin e 22 Marsit Dites Nderkombetare te Ujit Shoqata Alpin Tropoje don t\u00eb jape mesazh gjith\u00eb shoq\u00ebris\u00eb sone , rinis\u00eb Tropojane, dhe k\u00ebtu m\u00eb shum\u00eb t\u00eb vendimarr\u00ebsve kuvendor\u00eb, pushtetar\u00ebve qendror\u00eb dhe vendor\u00eb dhe gjith\u00eb institucioneve qeveritare ose jo qeveritare n\u00eb vend.<\/p>\n\n\t\t<\/div> \n\t<\/div> \n\t\t<\/div> \n\t<\/div> \n<\/div><\/div>\n<p>\u00a0<\/p>\n\n\n<h2 class=\"wp-block-heading\">Edukimi i t\u00eb rinjve p\u00ebr natyren dhe njeriun<\/h2>\n\n\n\n<p>Gjate takimeve me nx\u00ebn\u00ebs n\u00eb disa shkolla n\u00eb kuad\u00ebr t\u00eb programit \u201dEdukimi i t\u00eb rinjve p\u00ebr natyren dhe njeriun\u201d mb\u00ebshtetur nga <strong>SlovakAid<\/strong>. Zhvillimi i q\u00ebndruesh\u00ebm i burimeve natyrore p\u00ebrmes pjes\u00ebmarrjes s\u00eb t\u00eb rinj\u00ebve, ruajtja e biodiversitetit dhe zonave t\u00eb mbrojtura n\u00eb Tropoj\u00eb gjithashtu dhe zvoglimin e presionit mbi p\u00ebrdorimin e burimeve natyrore ishin \u00e7eshtjet e diskutuara me studentet. <a href=\"https:\/\/web.facebook.com\/shoqata.alpin?__cft__[0]=AZVygZ6zvPbKX_sqk5e_PXgWHNvxJXf1WSga89RxaLy7mjcj2rMajvMPqZfBd4ip8H3f4t4cK2TIMiu3HaheTe2umtQMXM7lmH-e1dzYhxrdWm9SJ4XJld4gHmUJU5QRHaKU-XwdeYmHGwDX1XiKV--rnzJcxrrGmVDoJmZRl_oJU8r-n9OyYie6UjXCRWn_JPY&amp;__tn__=-]K-R\">Shoqata Alpin<\/a> \u00ebsht\u00eb entuziaste mbi angazhimin e t\u00eb rinj\u00ebve n\u00eb mbrojtje t\u00eb mjedisit dhe zhvillimin e rajonit. <\/p>\n\n\n\n<p><a href=\"https:\/\/web.facebook.com\/hashtag\/mbromjedisin?__eep__=6&amp;__cft__[0]=AZVygZ6zvPbKX_sqk5e_PXgWHNvxJXf1WSga89RxaLy7mjcj2rMajvMPqZfBd4ip8H3f4t4cK2TIMiu3HaheTe2umtQMXM7lmH-e1dzYhxrdWm9SJ4XJld4gHmUJU5QRHaKU-XwdeYmHGwDX1XiKV--rnzJcxrrGmVDoJmZRl_oJU8r-n9OyYie6UjXCRWn_JPY&amp;__tn__=*NK-R\">#MbroMjedisin<\/a><\/p>\n\n\n\n<p><a href=\"https:\/\/web.facebook.com\/hashtag\/mbrot%C3%ABardhmen?__eep__=6&amp;__cft__[0]=AZVygZ6zvPbKX_sqk5e_PXgWHNvxJXf1WSga89RxaLy7mjcj2rMajvMPqZfBd4ip8H3f4t4cK2TIMiu3HaheTe2umtQMXM7lmH-e1dzYhxrdWm9SJ4XJld4gHmUJU5QRHaKU-XwdeYmHGwDX1XiKV--rnzJcxrrGmVDoJmZRl_oJU8r-n9OyYie6UjXCRWn_JPY&amp;__tn__=*NK-R\">#Mbrot\u00ebArdhmen<\/a><\/p>\n\n\n\n<p><a href=\"https:\/\/web.facebook.com\/hashtag\/shoqataalpin?__eep__=6&amp;__cft__[0]=AZVygZ6zvPbKX_sqk5e_PXgWHNvxJXf1WSga89RxaLy7mjcj2rMajvMPqZfBd4ip8H3f4t4cK2TIMiu3HaheTe2umtQMXM7lmH-e1dzYhxrdWm9SJ4XJld4gHmUJU5QRHaKU-XwdeYmHGwDX1XiKV--rnzJcxrrGmVDoJmZRl_oJU8r-n9OyYie6UjXCRWn_JPY&amp;__tn__=*NK-R\">#ShoqataAlpin<\/a><\/p>\n\n\n\n<figure class=\"wp-block-gallery columns-3 is-cropped wp-block-gallery-1 is-layout-flex wp-block-gallery-is-layout-flex\"><ul class=\"blocks-gallery-grid\"><li class=\"blocks-gallery-item\"><figure><a href=\"http:\/\/www.shoqata-alpin.al\/wp-content\/uploads\/2022\/01\/1-1.jpg\"><img loading=\"lazy\" decoding=\"async\" width=\"1024\" height=\"768\" src=\"http:\/\/www.shoqata-alpin.al\/wp-content\/uploads\/2022\/01\/1-1-1024x768.jpg\" alt=\"\" data-id=\"15742\" data-full-url=\"http:\/\/www.shoqata-alpin.al\/wp-content\/uploads\/2022\/01\/1-1.jpg\" data-link=\"http:\/\/www.shoqata-alpin.al\/?attachment_id=15742\" class=\"wp-image-15742\" srcset=\"https:\/\/www.shoqata-alpin.al\/wp-content\/uploads\/2022\/01\/1-1-1024x768.jpg 1024w, https:\/\/www.shoqata-alpin.al\/wp-content\/uploads\/2022\/01\/1-1-300x225.jpg 300w, https:\/\/www.shoqata-alpin.al\/wp-content\/uploads\/2022\/01\/1-1-768x576.jpg 768w, https:\/\/www.shoqata-alpin.al\/wp-content\/uploads\/2022\/01\/1-1-1536x1152.jpg 1536w, https:\/\/www.shoqata-alpin.al\/wp-content\/uploads\/2022\/01\/1-1-800x600.jpg 800w, https:\/\/www.shoqata-alpin.al\/wp-content\/uploads\/2022\/01\/1-1-700x525.jpg 700w, https:\/\/www.shoqata-alpin.al\/wp-content\/uploads\/2022\/01\/1-1.jpg 1600w\" sizes=\"auto, (max-width: 1024px) 100vw, 1024px\" \/><\/a><\/figure><\/li><li class=\"blocks-gallery-item\"><figure><a href=\"http:\/\/www.shoqata-alpin.al\/wp-content\/uploads\/2022\/01\/2-1.jpg\"><img loading=\"lazy\" decoding=\"async\" width=\"1024\" height=\"768\" src=\"http:\/\/www.shoqata-alpin.al\/wp-content\/uploads\/2022\/01\/2-1.jpg\" alt=\"\" data-id=\"15743\" data-full-url=\"http:\/\/www.shoqata-alpin.al\/wp-content\/uploads\/2022\/01\/2-1.jpg\" data-link=\"http:\/\/www.shoqata-alpin.al\/?attachment_id=15743\" class=\"wp-image-15743\" srcset=\"https:\/\/www.shoqata-alpin.al\/wp-content\/uploads\/2022\/01\/2-1.jpg 1024w, https:\/\/www.shoqata-alpin.al\/wp-content\/uploads\/2022\/01\/2-1-300x225.jpg 300w, https:\/\/www.shoqata-alpin.al\/wp-content\/uploads\/2022\/01\/2-1-768x576.jpg 768w, https:\/\/www.shoqata-alpin.al\/wp-content\/uploads\/2022\/01\/2-1-800x600.jpg 800w, https:\/\/www.shoqata-alpin.al\/wp-content\/uploads\/2022\/01\/2-1-700x525.jpg 700w\" sizes=\"auto, (max-width: 1024px) 100vw, 1024px\" \/><\/a><\/figure><\/li><li class=\"blocks-gallery-item\"><figure><a href=\"http:\/\/www.shoqata-alpin.al\/wp-content\/uploads\/2022\/01\/3-1.jpg\"><img loading=\"lazy\" decoding=\"async\" width=\"1024\" height=\"766\" src=\"http:\/\/www.shoqata-alpin.al\/wp-content\/uploads\/2022\/01\/3-1-1024x766.jpg\" alt=\"\" data-id=\"15744\" data-full-url=\"http:\/\/www.shoqata-alpin.al\/wp-content\/uploads\/2022\/01\/3-1.jpg\" data-link=\"http:\/\/www.shoqata-alpin.al\/?attachment_id=15744\" class=\"wp-image-15744\" srcset=\"https:\/\/www.shoqata-alpin.al\/wp-content\/uploads\/2022\/01\/3-1-1024x766.jpg 1024w, https:\/\/www.shoqata-alpin.al\/wp-content\/uploads\/2022\/01\/3-1-300x225.jpg 300w, https:\/\/www.shoqata-alpin.al\/wp-content\/uploads\/2022\/01\/3-1-768x575.jpg 768w, https:\/\/www.shoqata-alpin.al\/wp-content\/uploads\/2022\/01\/3-1-700x524.jpg 700w, https:\/\/www.shoqata-alpin.al\/wp-content\/uploads\/2022\/01\/3-1.jpg 1280w\" sizes=\"auto, (max-width: 1024px) 100vw, 1024px\" \/><\/a><\/figure><\/li><li class=\"blocks-gallery-item\"><figure><a href=\"http:\/\/www.shoqata-alpin.al\/wp-content\/uploads\/2022\/01\/4-1.jpg\"><img loading=\"lazy\" decoding=\"async\" width=\"1024\" height=\"766\" src=\"http:\/\/www.shoqata-alpin.al\/wp-content\/uploads\/2022\/01\/4-1-1024x766.jpg\" alt=\"\" data-id=\"15745\" data-full-url=\"http:\/\/www.shoqata-alpin.al\/wp-content\/uploads\/2022\/01\/4-1.jpg\" data-link=\"http:\/\/www.shoqata-alpin.al\/?attachment_id=15745\" class=\"wp-image-15745\" srcset=\"https:\/\/www.shoqata-alpin.al\/wp-content\/uploads\/2022\/01\/4-1-1024x766.jpg 1024w, https:\/\/www.shoqata-alpin.al\/wp-content\/uploads\/2022\/01\/4-1-300x225.jpg 300w, https:\/\/www.shoqata-alpin.al\/wp-content\/uploads\/2022\/01\/4-1-768x575.jpg 768w, https:\/\/www.shoqata-alpin.al\/wp-content\/uploads\/2022\/01\/4-1-700x524.jpg 700w, https:\/\/www.shoqata-alpin.al\/wp-content\/uploads\/2022\/01\/4-1.jpg 1280w\" sizes=\"auto, (max-width: 1024px) 100vw, 1024px\" \/><\/a><\/figure><\/li><\/ul><\/figure>\n","protected":false},"excerpt":{"rendered":"<p>\u00a0 Edukimi i t\u00eb rinjve p\u00ebr natyren dhe njeriun Gjate takimeve me nx\u00ebn\u00ebs n\u00eb disa shkolla n\u00eb kuad\u00ebr t\u00eb programit \u201dEdukimi i t\u00eb rinjve p\u00ebr natyren dhe njeriun\u201d mb\u00ebshtetur nga SlovakAid. Zhvillimi i q\u00ebndruesh\u00ebm i burimeve natyrore p\u00ebrmes pjes\u00ebmarrjes s\u00eb t\u00eb rinj\u00ebve, ruajtja e biodiversitetit&#8230;<\/p>\n","protected":false},"author":1,"featured_media":0,"parent":0,"menu_order":0,"comment_status":"open","ping_status":"open","template":"","meta":{"footnotes":""},"class_list":["post-15349","page","type-page","status-publish","hentry"],"_links":{"self":[{"href":"https:\/\/www.shoqata-alpin.al\/index.php?rest_route=\/wp\/v2\/pages\/15349","targetHints":{"allow":["GET"]}}],"collection":[{"href":"https:\/\/www.shoqata-alpin.al\/index.php?rest_route=\/wp\/v2\/pages"}],"about":[{"href":"https:\/\/www.shoqata-alpin.al\/index.php?rest_route=\/wp\/v2\/types\/page"}],"author":[{"embeddable":true,"href":"https:\/\/www.shoqata-alpin.al\/index.php?rest_route=\/wp\/v2\/users\/1"}],"replies":[{"embeddable":true,"href":"https:\/\/www.shoqata-alpin.al\/index.php?rest_route=%2Fwp%2Fv2%2Fcomments&post=15349"}],"version-history":[{"count":10,"href":"https:\/\/www.shoqata-alpin.al\/index.php?rest_route=\/wp\/v2\/pages\/15349\/revisions"}],"predecessor-version":[{"id":15750,"href":"https:\/\/www.shoqata-alpin.al\/index.php?rest_route=\/wp\/v2\/pages\/15349\/revisions\/15750"}],"wp:attachment":[{"href":"https:\/\/www.shoqata-alpin.al\/index.php?rest_route=%2Fwp%2Fv2%2Fmedia&parent=15349"}],"curies":[{"name":"wp","href":"https:\/\/api.w.org\/{rel}","templated":true}]}}